{"id":2,"date":"2026-02-23T23:03:50","date_gmt":"2026-02-23T23:03:50","guid":{"rendered":"https:\/\/kangasniemenapteekki.xyz\/?page_id=2"},"modified":"2026-04-24T10:50:32","modified_gmt":"2026-04-24T07:50:32","slug":"sample-page","status":"publish","type":"page","link":"https:\/\/kangasniemenapteekki.fi\/","title":{"rendered":"Etusivu"},"content":{"rendered":"<p>[et_pb_section fb_built=&#8221;1&#8243; admin_label=&#8221;section&#8221; _builder_version=&#8221;4.27.5&#8243; background_color=&#8221;#009b48&#8243; custom_margin=&#8221;-19px|||||&#8221; custom_padding=&#8221;39px|||||&#8221; top_divider_style=&#8221;waves2&#8243; top_divider_color=&#8221;#FFFFFF&#8221; global_colors_info=&#8221;{}&#8221;][et_pb_row column_structure=&#8221;1_2,1_2&#8243; _builder_version=&#8221;4.27.5&#8243; _module_preset=&#8221;default&#8221; custom_padding=&#8221;71px|||||&#8221; global_colors_info=&#8221;{}&#8221;][et_pb_column type=&#8221;1_2&#8243; _builder_version=&#8221;4.27.5&#8243; _module_preset=&#8221;default&#8221; global_colors_info=&#8221;{}&#8221;][et_pb_text _builder_version=&#8221;4.27.5&#8243; _module_preset=&#8221;default&#8221; text_font=&#8221;Montserrat|300|||||||&#8221; text_text_color=&#8221;#FFFFFF&#8221; text_font_size=&#8221;20px&#8221; header_font=&#8221;ABeeZee||||||||&#8221; header_text_color=&#8221;#FFFFFF&#8221; header_font_size=&#8221;45px&#8221; custom_padding=&#8221;3px|||||&#8221; global_colors_info=&#8221;{}&#8221;]<\/p>\n<h1 style=\"text-align: left;\">Tervetuloa Kangasniemen apteekkiin!<\/h1>\n<p>Meill\u00e4 hyvinvointi on l\u00e4hell\u00e4 syd\u00e4nt\u00e4. Saat meilt\u00e4 asiantuntevaa neuvontaa, laadukkaat tuotteet ja aidosti yst\u00e4v\u00e4llist\u00e4 palvelua &#8211; olitpa kotikyl\u00e4ss\u00e4 arjen asioilla tai m\u00f6kkimatkalla.<\/p>\n<p>Ammattitaitoinen henkil\u00f6kuntamme auttaa sinua kaikissa l\u00e4\u00e4keasioissa, niin itsehoidossa kuin reseptil\u00e4\u00e4kkeiss\u00e4. Kun kaipaat varmuutta l\u00e4\u00e4kkeiden k\u00e4ytt\u00f6\u00f6n tai tukea hyvinvointiisi, poikkea meille &#8211; olemme t\u00e4\u00e4ll\u00e4 sinua varten.\u00a0<\/p>\n<p>[\/et_pb_text][\/et_pb_column][et_pb_column type=&#8221;1_2&#8243; _builder_version=&#8221;4.27.5&#8243; _module_preset=&#8221;default&#8221; global_colors_info=&#8221;{}&#8221;][et_pb_image src=&#8221;https:\/\/kangasniemenapteekki.xyz\/wp-content\/uploads\/2026\/02\/599949760_1557805385794570_5002069956841956399_n.jpg&#8221; title_text=&#8221;599949760_1557805385794570_5002069956841956399_n&#8221; align=&#8221;center&#8221; _builder_version=&#8221;4.27.5&#8243; _module_preset=&#8221;default&#8221; width=&#8221;70%&#8221; custom_margin=&#8221;||||false|false&#8221; border_radii=&#8221;on|10px|10px|10px|10px&#8221; global_colors_info=&#8221;{}&#8221;][\/et_pb_image][\/et_pb_column][\/et_pb_row][\/et_pb_section][et_pb_section fb_built=&#8221;1&#8243; _builder_version=&#8221;4.27.5&#8243; _module_preset=&#8221;default&#8221; global_colors_info=&#8221;{}&#8221;][et_pb_row admin_label=&#8221;row&#8221; module_id=&#8221;tarjoukset&#8221; _builder_version=&#8221;4.27.5&#8243; background_size=&#8221;initial&#8221; background_position=&#8221;top_left&#8221; background_repeat=&#8221;repeat&#8221; custom_margin=&#8221;8px|auto||auto||&#8221; global_colors_info=&#8221;{}&#8221;][et_pb_column type=&#8221;4_4&#8243; _builder_version=&#8221;4.16&#8243; custom_padding=&#8221;|||&#8221; global_colors_info=&#8221;{}&#8221; custom_padding__hover=&#8221;|||&#8221;][et_pb_text _builder_version=&#8221;4.27.5&#8243; _module_preset=&#8221;default&#8221; header_font=&#8221;ABeeZee||||||||&#8221; header_text_color=&#8221;#009b48&#8243; header_font_size=&#8221;45px&#8221; global_colors_info=&#8221;{}&#8221;]<\/p>\n<h1 style=\"text-align: center;\">Kuukauden tarjoukset<\/h1>\n<p>[\/et_pb_text][et_pb_text _builder_version=&#8221;4.27.5&#8243; _module_preset=&#8221;default&#8221; global_colors_info=&#8221;{}&#8221;]<\/p>\n<p><iframe src=\"https:\/\/avainapteekit.fi\/avainasiakastarjoukset-ulkoinen\/\" style=\"width: 100%; height: 90vh; border: 0;\" loading=\"lazy\" referrerpolicy=\"no-referrer-when-downgrade\"><\/p>\n<p><\/iframe><\/p>\n<p>[\/et_pb_text][\/et_pb_column][\/et_pb_row][\/et_pb_section][et_pb_section fb_built=&#8221;1&#8243; _builder_version=&#8221;4.27.5&#8243; _module_preset=&#8221;default&#8221; background_color=&#8221;#009b48&#8243; global_colors_info=&#8221;{}&#8221;][et_pb_row admin_label=&#8221;row&#8221; module_id=&#8221;palvelut&#8221; _builder_version=&#8221;4.27.5&#8243; background_size=&#8221;initial&#8221; background_position=&#8221;top_left&#8221; background_repeat=&#8221;repeat&#8221; global_colors_info=&#8221;{}&#8221;][et_pb_column type=&#8221;4_4&#8243; _builder_version=&#8221;4.16&#8243; custom_padding=&#8221;|||&#8221; global_colors_info=&#8221;{}&#8221; custom_padding__hover=&#8221;|||&#8221;][et_pb_text _builder_version=&#8221;4.27.5&#8243; _module_preset=&#8221;default&#8221; header_font=&#8221;ABeeZee||||||||&#8221; header_text_color=&#8221;#FFFFFF&#8221; header_font_size=&#8221;45px&#8221; global_colors_info=&#8221;{}&#8221;]<\/p>\n<h1 style=\"text-align: center;\">Palvelut<\/h1>\n<p>[\/et_pb_text][\/et_pb_column][\/et_pb_row][et_pb_row column_structure=&#8221;1_3,1_3,1_3&#8243; _builder_version=&#8221;4.27.5&#8243; _module_preset=&#8221;default&#8221; global_colors_info=&#8221;{}&#8221;][et_pb_column type=&#8221;1_3&#8243; _builder_version=&#8221;4.27.5&#8243; _module_preset=&#8221;default&#8221; global_colors_info=&#8221;{}&#8221;][et_pb_text _builder_version=&#8221;4.27.5&#8243; _module_preset=&#8221;default&#8221; text_font=&#8221;Montserrat|300|||||||&#8221; text_text_color=&#8221;#FFFFFF&#8221; text_font_size=&#8221;15px&#8221; header_font=&#8221;ABeeZee||||||||&#8221; header_text_color=&#8221;#FFFFFF&#8221; header_font_size=&#8221;20px&#8221; global_colors_info=&#8221;{}&#8221;]<\/p>\n<h1 style=\"text-align: left;\">L\u00e4\u00e4kityksen tarkistus<\/h1>\n<p>L\u00e4\u00e4kityksen tarkistuspalvelussa tarkistetaan kokonaisl\u00e4\u00e4kityksesi, varmistetaan l\u00e4\u00e4kkeiden yhteensopivuus sek\u00e4 oikeat ottoajankohdat\u00a0 ja tapaamisessa k\u00e4yd\u00e4\u00e4n tulokset l\u00e4pi. Ssat mukaansi kirjallisen yhteenvedon, jonka voit toimittaa hoitavalle l\u00e4\u00e4k\u00e4rillesi.<\/p>\n<p>Ennen Tarkistuspalvelua t\u00e4ytett\u00e4v\u00e4n l\u00e4\u00e4kelistan voit tulostaa valmiiksi <strong><span style=\"color: #ff9900;\"><a href=\"https:\/\/www.apteekki.fi\/media\/1-apteekki.fi\/apteekki-palvelut\/laakityslista\/13_08_19_laakityslista_vaaka_a4_suomi_taytettava.pdf\" style=\"color: #ff9900;\">t\u00e4\u00e4lt\u00e4<\/a> <\/span><\/strong>tai\u00a0 voit noutaa sen my\u00f6s apteekistamme.<\/p>\n<p>Palvelu on maksullinen &#8211; kysy lis\u00e4\u00e4 apteekistamme!<\/p>\n<p>[\/et_pb_text][\/et_pb_column][et_pb_column type=&#8221;1_3&#8243; _builder_version=&#8221;4.27.5&#8243; _module_preset=&#8221;default&#8221; global_colors_info=&#8221;{}&#8221;][et_pb_text _builder_version=&#8221;4.27.5&#8243; _module_preset=&#8221;default&#8221; text_font=&#8221;Montserrat|300|||||||&#8221; text_text_color=&#8221;#FFFFFF&#8221; text_font_size=&#8221;15px&#8221; header_font=&#8221;ABeeZee||||||||&#8221; header_text_color=&#8221;#FFFFFF&#8221; header_font_size=&#8221;20px&#8221; hover_enabled=&#8221;0&#8243; global_colors_info=&#8221;{}&#8221; sticky_enabled=&#8221;0&#8243;]<\/p>\n<h1 style=\"text-align: left;\">Reseptien uusiminen<\/h1>\n<p>Voit uusia reseptisi k\u00e4tev\u00e4sti apteekkimme kautta. V\u00e4lit\u00e4mme uusimispyynn\u00f6n terveyskeskukseen, jonka j\u00e4lkeen resepti uudistetaan viimeist\u00e4\u00e4n 8 p\u00e4iv\u00e4n kuluessa.<\/p>\n<p>Reseptin uusiminen toisen henkil\u00f6n puolesta onnistuu, antamalla<span style=\"color: #ff9900;\"><strong><a href=\"https:\/\/www.suomi.fi\/valtuudet\/valtuusasiat\/apteekkiasiointi\/8c652382ceff8c5262a4bbde5ad6c2be\" style=\"color: #ff9900;\"> s\u00e4hk\u00f6isen apteekkiasiointivaltuutuksen<\/a><\/strong><\/span> suomi.fi &#8211; palvelussa tai toimittamalla kirjallisen suostumuksen apteekkiimme.<\/p>\n<p>Reseptin uusiminen on maksullista.<\/p>\n<p>&nbsp;<\/p>\n<p>[\/et_pb_text][\/et_pb_column][et_pb_column type=&#8221;1_3&#8243; _builder_version=&#8221;4.27.5&#8243; _module_preset=&#8221;default&#8221; global_colors_info=&#8221;{}&#8221;][et_pb_text _builder_version=&#8221;4.27.5&#8243; _module_preset=&#8221;default&#8221; text_font=&#8221;Montserrat|300|||||||&#8221; text_text_color=&#8221;#FFFFFF&#8221; text_font_size=&#8221;15px&#8221; header_font=&#8221;ABeeZee||||||||&#8221; header_text_color=&#8221;#FFFFFF&#8221; header_font_size=&#8221;20px&#8221; global_colors_info=&#8221;{}&#8221;]<\/p>\n<h1 style=\"text-align: left;\">Koneellinen annosjakelu<\/h1>\n<p>Koneellinen annosjakelu lis\u00e4\u00e4 arjen sujuvuutta ja l\u00e4\u00e4kehoidon turvallisuutta.<\/p>\n<p>Annosjakelupalvelussa l\u00e4\u00e4kkeet toimitetaan apteekista k\u00e4teviss\u00e4 kerta-annospusseissa kahdeksi viikoksi kerrallaan. Kerta-annospusseista l\u00e4\u00e4kkeet on helppo ottaa oikeaan aikaan. Palveluun sis\u00e4lt\u00e4\u00e4 my\u00f6s l\u00e4\u00e4kityksen tarkistuksen.<\/p>\n<p>Palvelu on maksullinen &#8211; kysy lis\u00e4\u00e4 apteekistamme!<\/p>\n<p>[\/et_pb_text][\/et_pb_column][\/et_pb_row][et_pb_row column_structure=&#8221;1_3,1_3,1_3&#8243; _builder_version=&#8221;4.27.5&#8243; _module_preset=&#8221;default&#8221; global_colors_info=&#8221;{}&#8221;][et_pb_column type=&#8221;1_3&#8243; _builder_version=&#8221;4.27.5&#8243; _module_preset=&#8221;default&#8221; global_colors_info=&#8221;{}&#8221;][et_pb_text _builder_version=&#8221;4.27.5&#8243; _module_preset=&#8221;default&#8221; text_font=&#8221;Montserrat|300|||||||&#8221; text_text_color=&#8221;#FFFFFF&#8221; text_font_size=&#8221;15px&#8221; header_font=&#8221;ABeeZee||||||||&#8221; header_text_color=&#8221;#FFFFFF&#8221; header_font_size=&#8221;20px&#8221; global_colors_info=&#8221;{}&#8221;]<\/p>\n<h1 style=\"text-align: left;\">Schengen-todistus<\/h1>\n<p>Schengen-maihin matkustaessasi tarvitset todistuksen huumausaineiksi tai psykotrooppisiksi aineiksi luokitelluista l\u00e4\u00e4kkeist\u00e4. Todistusta hakiessasi ota mukaasi l\u00e4\u00e4kepakkaus, l\u00e4\u00e4kett\u00e4 koskeva resepti ja matkustusasiakirja, eli passi tai henkil\u00f6kortti. Todistus on voimassa 30 vuorokautta matkan alkamisp\u00e4iv\u00e4st\u00e4, ja se on maksullinen.<\/p>\n<p>Schengen-sopimuksen piiriin kuuluvat Suomen lis\u00e4ksi Ruotsi, Norja, Tanska, Islanti, Saksa, Belgia, Ranska, Alankomaat, It\u00e4valta, Luxemburg, Espanja, Portugali, Italia, Kreikka, Viro, Latvia, Liettua, Puola, T\u0161ekki, Slovakia, Unkari, Slovenia, Malta ja Sveitsi.<\/p>\n<p>&nbsp;<\/p>\n<p>[\/et_pb_text][\/et_pb_column][et_pb_column type=&#8221;1_3&#8243; _builder_version=&#8221;4.27.5&#8243; _module_preset=&#8221;default&#8221; global_colors_info=&#8221;{}&#8221;][et_pb_text _builder_version=&#8221;4.27.5&#8243; _module_preset=&#8221;default&#8221; text_font=&#8221;Montserrat|300|||||||&#8221; text_text_color=&#8221;#FFFFFF&#8221; text_font_size=&#8221;15px&#8221; header_font=&#8221;ABeeZee||||||||&#8221; header_text_color=&#8221;#FFFFFF&#8221; header_font_size=&#8221;20px&#8221; global_colors_info=&#8221;{}&#8221;]<\/p>\n<h1 style=\"text-align: left;\">Ulkomaan matkalle annettava yhteenveto reseptil\u00e4\u00e4kkeest\u00e4<\/h1>\n<p>Meilt\u00e4 toimitetuista l\u00e4\u00e4kkeist\u00e4 voit saada yhteenvedon k\u00e4ytt\u00e4mist\u00e4si reseptil\u00e4\u00e4kkeist\u00e4 ulkomaanmatkaa varten.<\/p>\n<p>Reseptij\u00e4ljenn\u00f6s on maksullinen.<\/p>\n<p>[\/et_pb_text][\/et_pb_column][et_pb_column type=&#8221;1_3&#8243; _builder_version=&#8221;4.27.5&#8243; _module_preset=&#8221;default&#8221; global_colors_info=&#8221;{}&#8221;][et_pb_text _builder_version=&#8221;4.27.5&#8243; _module_preset=&#8221;default&#8221; text_font=&#8221;Montserrat|300|||||||&#8221; text_text_color=&#8221;#FFFFFF&#8221; text_font_size=&#8221;15px&#8221; header_font=&#8221;ABeeZee||||||||&#8221; header_text_color=&#8221;#FFFFFF&#8221; header_font_size=&#8221;20px&#8221; global_colors_info=&#8221;{}&#8221;]<\/p>\n<h1 style=\"text-align: left;\">Verenpaineen mittaus<\/h1>\n<p>Tied\u00e4tk\u00f6 verenpaineesi? Meill\u00e4 voit mittauttaa verenpaineesi. Kirjaamme mittaustuloksen verenpainekorttiin, jonka saat apteekista mukaasi.<\/p>\n<p>Verenpainemittauksesta perimme palveluhinnastomme mukaisen maksun.<\/p>\n<p>[\/et_pb_text][\/et_pb_column][\/et_pb_row][\/et_pb_section][et_pb_section fb_built=&#8221;1&#8243; _builder_version=&#8221;4.27.5&#8243; _module_preset=&#8221;default&#8221; global_colors_info=&#8221;{}&#8221;][et_pb_row admin_label=&#8221;row&#8221; module_id=&#8221;ajankohtaista&#8221; _builder_version=&#8221;4.27.5&#8243; background_size=&#8221;initial&#8221; background_position=&#8221;top_left&#8221; background_repeat=&#8221;repeat&#8221; global_colors_info=&#8221;{}&#8221;][et_pb_column type=&#8221;4_4&#8243; _builder_version=&#8221;4.16&#8243; custom_padding=&#8221;|||&#8221; global_colors_info=&#8221;{}&#8221; custom_padding__hover=&#8221;|||&#8221;][et_pb_text _builder_version=&#8221;4.27.5&#8243; _module_preset=&#8221;default&#8221; header_font=&#8221;ABeeZee||||||||&#8221; header_text_color=&#8221;#009b48&#8243; header_font_size=&#8221;45px&#8221; global_colors_info=&#8221;{}&#8221;]<\/p>\n<h1 style=\"text-align: center;\">Ajankohtaista<\/h1>\n<p>[\/et_pb_text][et_pb_text _builder_version=&#8221;4.27.5&#8243; _module_preset=&#8221;default&#8221; global_colors_info=&#8221;{}&#8221;]<\/p>\n<p style=\"text-align: center;\">[T\u00e4h\u00e4n tulee Facebook-feed]<\/p>\n<p>[\/et_pb_text][\/et_pb_column][\/et_pb_row][et_pb_row column_structure=&#8221;1_2,1_2&#8243; admin_label=&#8221;row&#8221; module_id=&#8221;yhteystiedot&#8221; _builder_version=&#8221;4.27.5&#8243; background_size=&#8221;initial&#8221; background_position=&#8221;top_left&#8221; background_repeat=&#8221;repeat&#8221; global_colors_info=&#8221;{}&#8221;][et_pb_column type=&#8221;1_2&#8243; _builder_version=&#8221;4.16&#8243; custom_padding=&#8221;|||&#8221; global_colors_info=&#8221;{}&#8221; custom_padding__hover=&#8221;|||&#8221;][et_pb_text _builder_version=&#8221;4.27.5&#8243; _module_preset=&#8221;default&#8221; header_font=&#8221;ABeeZee||||||||&#8221; header_text_color=&#8221;#009b48&#8243; header_font_size=&#8221;45px&#8221; global_colors_info=&#8221;{}&#8221;]<\/p>\n<h1 style=\"text-align: left;\">Yhteystiedot<\/h1>\n<p>[\/et_pb_text][et_pb_text _builder_version=&#8221;4.27.5&#8243; _module_preset=&#8221;default&#8221; text_font=&#8221;Montserrat|300|||||||&#8221; text_text_color=&#8221;#000000&#8243; text_font_size=&#8221;15px&#8221; header_font=&#8221;ABeeZee||||||||&#8221; header_text_color=&#8221;#009b48&#8243; header_font_size=&#8221;20px&#8221; global_colors_info=&#8221;{}&#8221;]<\/p>\n<h1 style=\"text-align: left;\">Kangasniemen Apteekki<\/h1>\n<p>Otto Mannisen tie 1-3<br \/>51200 Kangasniemi<br \/>015 431 010<br \/>kangasniemen.apteekki(at)apteekit.net<\/p>\n<p>[\/et_pb_text][et_pb_text _builder_version=&#8221;4.27.5&#8243; _module_preset=&#8221;default&#8221; text_font=&#8221;Montserrat|300|||||||&#8221; text_text_color=&#8221;#000000&#8243; text_font_size=&#8221;15px&#8221; header_font=&#8221;ABeeZee||||||||&#8221; header_text_color=&#8221;#009b48&#8243; header_font_size=&#8221;20px&#8221; global_colors_info=&#8221;{}&#8221;]<\/p>\n<h1 style=\"text-align: left;\">Aukioloajat<\/h1>\n<p>Ma-Pe 9-17<br \/>La 9-13<br \/>Su Suljettu<\/p>\n<p>[\/et_pb_text][et_pb_image src=&#8221;https:\/\/kangasniemenapteekki.xyz\/wp-content\/uploads\/2026\/02\/avainapteekit_logo-260&#215;300-1.png&#8221; title_text=&#8221;avainapteekit_logo-260&#215;300&#8243; _builder_version=&#8221;4.27.5&#8243; _module_preset=&#8221;default&#8221; width=&#8221;30%&#8221; global_colors_info=&#8221;{}&#8221;][\/et_pb_image][\/et_pb_column][et_pb_column type=&#8221;1_2&#8243; _builder_version=&#8221;4.16&#8243; custom_padding=&#8221;|||&#8221; global_colors_info=&#8221;{}&#8221; custom_padding__hover=&#8221;|||&#8221;][et_pb_text _builder_version=&#8221;4.27.5&#8243; _module_preset=&#8221;default&#8221; header_font=&#8221;ABeeZee||||||||&#8221; header_text_color=&#8221;#009b48&#8243; header_font_size=&#8221;45px&#8221; global_colors_info=&#8221;{}&#8221;]<\/p>\n<h1 style=\"text-align: left;\">Yhteydenottolomake<\/h1>\n<p>[\/et_pb_text][et_pb_contact_form submit_button_text=&#8221;L\u00e4het\u00e4 viesti!&#8221; _builder_version=&#8221;4.27.5&#8243; _module_preset=&#8221;default&#8221; _unique_id=&#8221;97569956-d08e-4420-a003-58615142c1ab&#8221; custom_button=&#8221;on&#8221; button_text_color=&#8221;#009b48&#8243; global_colors_info=&#8221;{}&#8221;][et_pb_contact_field field_id=&#8221;Sposti_2&#8243; field_title=&#8221;Nimi&#8221; fullwidth_field=&#8221;on&#8221; _builder_version=&#8221;4.27.5&#8243; _module_preset=&#8221;default&#8221; global_colors_info=&#8221;{}&#8221;][\/et_pb_contact_field][et_pb_contact_field field_id=&#8221;Sposti&#8221; field_title=&#8221;S\u00e4hk\u00f6postiosoite&#8221; fullwidth_field=&#8221;on&#8221; _builder_version=&#8221;4.27.5&#8243; _module_preset=&#8221;default&#8221; global_colors_info=&#8221;{}&#8221;][\/et_pb_contact_field][et_pb_contact_field field_id=&#8221;Puh&#8221; field_title=&#8221;Puhelinnumero&#8221; fullwidth_field=&#8221;on&#8221; _builder_version=&#8221;4.27.5&#8243; _module_preset=&#8221;default&#8221; global_colors_info=&#8221;{}&#8221;][\/et_pb_contact_field][et_pb_contact_field field_id=&#8221;Message&#8221; field_title=&#8221;Viesti&#8221; field_type=&#8221;text&#8221; fullwidth_field=&#8221;on&#8221; _builder_version=&#8221;4.27.5&#8243; global_colors_info=&#8221;{}&#8221; button_text_size__hover_enabled=&#8221;off&#8221; button_one_text_size__hover_enabled=&#8221;off&#8221; button_two_text_size__hover_enabled=&#8221;off&#8221; button_text_color__hover_enabled=&#8221;off&#8221; button_one_text_color__hover_enabled=&#8221;off&#8221; button_two_text_color__hover_enabled=&#8221;off&#8221; button_border_width__hover_enabled=&#8221;off&#8221; button_one_border_width__hover_enabled=&#8221;off&#8221; button_two_border_width__hover_enabled=&#8221;off&#8221; button_border_color__hover_enabled=&#8221;off&#8221; button_one_border_color__hover_enabled=&#8221;off&#8221; button_two_border_color__hover_enabled=&#8221;off&#8221; button_border_radius__hover_enabled=&#8221;off&#8221; button_one_border_radius__hover_enabled=&#8221;off&#8221; button_two_border_radius__hover_enabled=&#8221;off&#8221; button_letter_spacing__hover_enabled=&#8221;off&#8221; button_one_letter_spacing__hover_enabled=&#8221;off&#8221; button_two_letter_spacing__hover_enabled=&#8221;off&#8221; button_bg_color__hover_enabled=&#8221;off&#8221; button_one_bg_color__hover_enabled=&#8221;off&#8221; button_two_bg_color__hover_enabled=&#8221;off&#8221;][\/et_pb_contact_field][\/et_pb_contact_form][\/et_pb_column][\/et_pb_row][\/et_pb_section]<\/p>\n","protected":false},"excerpt":{"rendered":"<p>Tervetuloa Kangasniemen apteekkiin! Meill\u00e4 hyvinvointi on l\u00e4hell\u00e4 syd\u00e4nt\u00e4. Saat meilt\u00e4 asiantuntevaa neuvontaa, laadukkaat tuotteet ja aidosti yst\u00e4v\u00e4llist\u00e4 palvelua &#8211; olitpa kotikyl\u00e4ss\u00e4 arjen asioilla tai m\u00f6kkimatkalla. Ammattitaitoinen henkil\u00f6kuntamme auttaa sinua kaikissa l\u00e4\u00e4keasioissa, niin itsehoidossa kuin reseptil\u00e4\u00e4kkeiss\u00e4. Kun kaipaat varmuutta l\u00e4\u00e4kkeiden k\u00e4ytt\u00f6\u00f6n tai tukea hyvinvointiisi, poikkea meille &#8211; olemme t\u00e4\u00e4ll\u00e4 sinua varten.\u00a0Kuukauden tarjoukset PalvelutL\u00e4\u00e4kityksen tarkistus L\u00e4\u00e4kityksen tarkistuspalvelussa [&hellip;]<\/p>\n","protected":false},"author":1,"featured_media":0,"parent":0,"menu_order":0,"comment_status":"closed","ping_status":"open","template":"","meta":{"_et_pb_use_builder":"on","_et_pb_old_content":"<!-- wp:paragraph -->\n<p>This is an example page. It's different from a blog post because it will stay in one place and will show up in your site navigation (in most themes). Most people start with an About page that introduces them to potential site visitors. It might say something like this:<\/p>\n<!-- \/wp:paragraph -->\n\n<!-- wp:quote -->\n<blockquote class=\"wp-block-quote\">\n<!-- wp:paragraph -->\n<p>Hi there! I'm a bike messenger by day, aspiring actor by night, and this is my website. I live in Los Angeles, have a great dog named Jack, and I like pi&#241;a coladas. (And gettin' caught in the rain.)<\/p>\n<!-- \/wp:paragraph -->\n<\/blockquote>\n<!-- \/wp:quote -->\n\n<!-- wp:paragraph -->\n<p>...or something like this:<\/p>\n<!-- \/wp:paragraph -->\n\n<!-- wp:quote -->\n<blockquote class=\"wp-block-quote\">\n<!-- wp:paragraph -->\n<p>The XYZ Doohickey Company was founded in 1971, and has been providing quality doohickeys to the public ever since. Located in Gotham City, XYZ employs over 2,000 people and does all kinds of awesome things for the Gotham community.<\/p>\n<!-- \/wp:paragraph -->\n<\/blockquote>\n<!-- \/wp:quote -->\n\n<!-- wp:paragraph -->\n<p>As a new WordPress user, you should go to <a href=\"https:\/\/kangasniemenapteekki.xyz\/wp-admin\/\">your dashboard<\/a> to delete this page and create new pages for your content. Have fun!<\/p>\n<!-- \/wp:paragraph -->","_et_gb_content_width":"","footnotes":""},"class_list":["post-2","page","type-page","status-publish","hentry"],"_links":{"self":[{"href":"https:\/\/kangasniemenapteekki.fi\/index.php?rest_route=\/wp\/v2\/pages\/2","targetHints":{"allow":["GET"]}}],"collection":[{"href":"https:\/\/kangasniemenapteekki.fi\/index.php?rest_route=\/wp\/v2\/pages"}],"about":[{"href":"https:\/\/kangasniemenapteekki.fi\/index.php?rest_route=\/wp\/v2\/types\/page"}],"author":[{"embeddable":true,"href":"https:\/\/kangasniemenapteekki.fi\/index.php?rest_route=\/wp\/v2\/users\/1"}],"replies":[{"embeddable":true,"href":"https:\/\/kangasniemenapteekki.fi\/index.php?rest_route=%2Fwp%2Fv2%2Fcomments&post=2"}],"version-history":[{"count":19,"href":"https:\/\/kangasniemenapteekki.fi\/index.php?rest_route=\/wp\/v2\/pages\/2\/revisions"}],"predecessor-version":[{"id":115,"href":"https:\/\/kangasniemenapteekki.fi\/index.php?rest_route=\/wp\/v2\/pages\/2\/revisions\/115"}],"wp:attachment":[{"href":"https:\/\/kangasniemenapteekki.fi\/index.php?rest_route=%2Fwp%2Fv2%2Fmedia&parent=2"}],"curies":[{"name":"wp","href":"https:\/\/api.w.org\/{rel}","templated":true}]}}